{"id":388,"date":"2023-06-23T08:41:09","date_gmt":"2023-06-23T06:41:09","guid":{"rendered":"https:\/\/www.pankaffee.bz.it\/home\/"},"modified":"2025-11-18T08:11:39","modified_gmt":"2025-11-18T07:11:39","slug":"home","status":"publish","type":"page","link":"https:\/\/www.pankaffee.bz.it\/de\/","title":{"rendered":"Home"},"content":{"rendered":"","protected":false},"excerpt":{"rendered":"","protected":false},"author":1,"featured_media":0,"parent":0,"menu_order":0,"comment_status":"closed","ping_status":"closed","template":"template-home.php","meta":{"footnotes":""},"class_list":["post-388","page","type-page","status-publish","hentry"],"acf":[],"yoast_head":"<!-- This site is optimized with the Yoast SEO plugin v20.11 - https:\/\/yoast.com\/wordpress\/plugins\/seo\/ -->\n<title>B\u00e4ckerei in Salurn - Pan Kaffee<\/title>\n<meta name=\"description\" content=\"So viel mehr als eine B\u00e4ckerei. In Salurn befindet sich das Pan Kaffee. Pan Kaffee ist eine Bar, B\u00e4ckerei, Konditorei und Bistro.\" \/>\n<meta name=\"robots\" content=\"index, follow, max-snippet:-1, max-image-preview:large, max-video-preview:-1\" \/>\n<link rel=\"canonical\" href=\"https:\/\/www.pankaffee.bz.it\/de\/\" \/>\n<meta property=\"og:locale\" content=\"de_DE\" \/>\n<meta property=\"og:type\" content=\"article\" \/>\n<meta property=\"og:title\" content=\"B\u00e4ckerei in Salurn - Pan Kaffee\" \/>\n<meta property=\"og:description\" content=\"So viel mehr als eine B\u00e4ckerei. In Salurn befindet sich das Pan Kaffee. Pan Kaffee ist eine Bar, B\u00e4ckerei, Konditorei und Bistro.\" \/>\n<meta property=\"og:url\" content=\"https:\/\/www.pankaffee.bz.it\/de\/\" \/>\n<meta property=\"og:site_name\" content=\"www.pankaffee.bz.it\" \/>\n<meta property=\"article:modified_time\" content=\"2025-11-18T07:11:39+00:00\" \/>\n<script type=\"application\/ld+json\" class=\"yoast-schema-graph\">{\"@context\":\"https:\/\/schema.org\",\"@graph\":[{\"@type\":\"WebPage\",\"@id\":\"https:\/\/www.pankaffee.bz.it\/de\/\",\"url\":\"https:\/\/www.pankaffee.bz.it\/de\/\",\"name\":\"B\u00e4ckerei in Salurn - Pan Kaffee\",\"isPartOf\":{\"@id\":\"https:\/\/www.pankaffee.bz.it\/#website\"},\"datePublished\":\"2023-06-23T06:41:09+00:00\",\"dateModified\":\"2025-11-18T07:11:39+00:00\",\"description\":\"So viel mehr als eine B\u00e4ckerei. In Salurn befindet sich das Pan Kaffee. Pan Kaffee ist eine Bar, B\u00e4ckerei, Konditorei und Bistro.\",\"breadcrumb\":{\"@id\":\"https:\/\/www.pankaffee.bz.it\/de\/#breadcrumb\"},\"inLanguage\":\"de\",\"potentialAction\":[{\"@type\":\"ReadAction\",\"target\":[\"https:\/\/www.pankaffee.bz.it\/de\/\"]}]},{\"@type\":\"BreadcrumbList\",\"@id\":\"https:\/\/www.pankaffee.bz.it\/de\/#breadcrumb\",\"itemListElement\":[{\"@type\":\"ListItem\",\"position\":1,\"name\":\"Startseite\",\"item\":\"https:\/\/www.pankaffee.bz.it\/de\/\"},{\"@type\":\"ListItem\",\"position\":2,\"name\":\"Home\"}]},{\"@type\":\"WebSite\",\"@id\":\"https:\/\/www.pankaffee.bz.it\/#website\",\"url\":\"https:\/\/www.pankaffee.bz.it\/\",\"name\":\"www.pankaffee.bz.it\",\"description\":\"\",\"potentialAction\":[{\"@type\":\"SearchAction\",\"target\":{\"@type\":\"EntryPoint\",\"urlTemplate\":\"https:\/\/www.pankaffee.bz.it\/?s={search_term_string}\"},\"query-input\":\"required name=search_term_string\"}],\"inLanguage\":\"de\"}]}<\/script>\n<!-- \/ Yoast SEO plugin. -->","yoast_head_json":{"title":"B\u00e4ckerei in Salurn - Pan Kaffee","description":"So viel mehr als eine B\u00e4ckerei. In Salurn befindet sich das Pan Kaffee. Pan Kaffee ist eine Bar, B\u00e4ckerei, Konditorei und Bistro.","robots":{"index":"index","follow":"follow","max-snippet":"max-snippet:-1","max-image-preview":"max-image-preview:large","max-video-preview":"max-video-preview:-1"},"canonical":"https:\/\/www.pankaffee.bz.it\/de\/","og_locale":"de_DE","og_type":"article","og_title":"B\u00e4ckerei in Salurn - Pan Kaffee","og_description":"So viel mehr als eine B\u00e4ckerei. In Salurn befindet sich das Pan Kaffee. Pan Kaffee ist eine Bar, B\u00e4ckerei, Konditorei und Bistro.","og_url":"https:\/\/www.pankaffee.bz.it\/de\/","og_site_name":"www.pankaffee.bz.it","article_modified_time":"2025-11-18T07:11:39+00:00","schema":{"@context":"https:\/\/schema.org","@graph":[{"@type":"WebPage","@id":"https:\/\/www.pankaffee.bz.it\/de\/","url":"https:\/\/www.pankaffee.bz.it\/de\/","name":"B\u00e4ckerei in Salurn - Pan Kaffee","isPartOf":{"@id":"https:\/\/www.pankaffee.bz.it\/#website"},"datePublished":"2023-06-23T06:41:09+00:00","dateModified":"2025-11-18T07:11:39+00:00","description":"So viel mehr als eine B\u00e4ckerei. In Salurn befindet sich das Pan Kaffee. Pan Kaffee ist eine Bar, B\u00e4ckerei, Konditorei und Bistro.","breadcrumb":{"@id":"https:\/\/www.pankaffee.bz.it\/de\/#breadcrumb"},"inLanguage":"de","potentialAction":[{"@type":"ReadAction","target":["https:\/\/www.pankaffee.bz.it\/de\/"]}]},{"@type":"BreadcrumbList","@id":"https:\/\/www.pankaffee.bz.it\/de\/#breadcrumb","itemListElement":[{"@type":"ListItem","position":1,"name":"Startseite","item":"https:\/\/www.pankaffee.bz.it\/de\/"},{"@type":"ListItem","position":2,"name":"Home"}]},{"@type":"WebSite","@id":"https:\/\/www.pankaffee.bz.it\/#website","url":"https:\/\/www.pankaffee.bz.it\/","name":"www.pankaffee.bz.it","description":"","potentialAction":[{"@type":"SearchAction","target":{"@type":"EntryPoint","urlTemplate":"https:\/\/www.pankaffee.bz.it\/?s={search_term_string}"},"query-input":"required name=search_term_string"}],"inLanguage":"de"}]}},"_links":{"self":[{"href":"https:\/\/www.pankaffee.bz.it\/de\/wp-json\/wp\/v2\/pages\/388","targetHints":{"allow":["GET"]}}],"collection":[{"href":"https:\/\/www.pankaffee.bz.it\/de\/wp-json\/wp\/v2\/pages"}],"about":[{"href":"https:\/\/www.pankaffee.bz.it\/de\/wp-json\/wp\/v2\/types\/page"}],"author":[{"embeddable":true,"href":"https:\/\/www.pankaffee.bz.it\/de\/wp-json\/wp\/v2\/users\/1"}],"replies":[{"embeddable":true,"href":"https:\/\/www.pankaffee.bz.it\/de\/wp-json\/wp\/v2\/comments?post=388"}],"version-history":[{"count":4,"href":"https:\/\/www.pankaffee.bz.it\/de\/wp-json\/wp\/v2\/pages\/388\/revisions"}],"predecessor-version":[{"id":561,"href":"https:\/\/www.pankaffee.bz.it\/de\/wp-json\/wp\/v2\/pages\/388\/revisions\/561"}],"wp:attachment":[{"href":"https:\/\/www.pankaffee.bz.it\/de\/wp-json\/wp\/v2\/media?parent=388"}],"curies":[{"name":"wp","href":"https:\/\/api.w.org\/{rel}","templated":true}]}}